
{"id":2061,"date":"2025-10-16T17:37:21","date_gmt":"2025-10-16T09:37:21","guid":{"rendered":"https:\/\/www.xunshi-alloy.com\/?post_type=product&p=2061"},"modified":"2025-10-16T17:37:21","modified_gmt":"2025-10-16T09:37:21","slug":"haynes-25-nickel-cobalt-alloy-l605-oxidation-resistance-for-strip-round-bar-ams-5537","status":"publish","type":"product","link":"https:\/\/www.xunshi-alloy.com\/pt\/produto\/haynes-25-nickel-cobalt-alloy-l605-oxidation-resistance-for-strip-round-bar-ams-5537\/","title":{"rendered":"Resist\u00eancia \u00e0 oxida\u00e7\u00e3o da liga de n\u00edquel-cobalto L605 de HAYNES 25 para barra redonda de tira AMS 5537"},"content":{"rendered":"","protected":false},"excerpt":{"rendered":"","protected":false},"featured_media":2065,"template":"","meta":{"_acf_changed":false,"_seopress_robots_primary_cat":""},"product_brand":[],"product_cat":[52],"product_tag":[],"class_list":{"0":"post-2061","1":"product","2":"type-product","3":"status-publish","4":"has-post-thumbnail","6":"product_cat-nickel-cobalt-alloy","8":"first","9":"instock","10":"shipping-taxable","11":"product-type-simple"},"acf":[],"_links":{"self":[{"href":"https:\/\/www.xunshi-alloy.com\/pt\/wp-json\/wp\/v2\/product\/2061","targetHints":{"allow":["GET"]}}],"collection":[{"href":"https:\/\/www.xunshi-alloy.com\/pt\/wp-json\/wp\/v2\/product"}],"about":[{"href":"https:\/\/www.xunshi-alloy.com\/pt\/wp-json\/wp\/v2\/types\/product"}],"wp:featuredmedia":[{"embeddable":true,"href":"https:\/\/www.xunshi-alloy.com\/pt\/wp-json\/wp\/v2\/media\/2065"}],"wp:attachment":[{"href":"https:\/\/www.xunshi-alloy.com\/pt\/wp-json\/wp\/v2\/media?parent=2061"}],"wp:term":[{"taxonomy":"product_brand","embeddable":true,"href":"https:\/\/www.xunshi-alloy.com\/pt\/wp-json\/wp\/v2\/product_brand?post=2061"},{"taxonomy":"product_cat","embeddable":true,"href":"https:\/\/www.xunshi-alloy.com\/pt\/wp-json\/wp\/v2\/product_cat?post=2061"},{"taxonomy":"product_tag","embeddable":true,"href":"https:\/\/www.xunshi-alloy.com\/pt\/wp-json\/wp\/v2\/product_tag?post=2061"}],"curies":[{"name":"wp","href":"https:\/\/api.w.org\/{rel}","templated":true}]}}