
{"id":2082,"date":"2025-10-16T17:41:21","date_gmt":"2025-10-16T09:41:21","guid":{"rendered":"https:\/\/www.xunshi-alloy.com\/?post_type=product&p=2082"},"modified":"2025-10-16T17:41:21","modified_gmt":"2025-10-16T09:41:21","slug":"vacoflux-48-feco-soft-magnetic-alloy-with-low-coercive-field-strength-high-permeabilities-and-low-magnetization-losses","status":"publish","type":"product","link":"https:\/\/www.xunshi-alloy.com\/pt\/produto\/vacoflux-48-feco-soft-magnetic-alloy-with-low-coercive-field-strength-high-permeabilities-and-low-magnetization-losses\/","title":{"rendered":"Liga magn\u00e9tica macia VACOFLUX 48 FeCo com baixa for\u00e7a de campo coercitiva, alta permeabilidade magn\u00e9tica e baixa perda de magnetiza\u00e7\u00e3o"},"content":{"rendered":"","protected":false},"excerpt":{"rendered":"","protected":false},"featured_media":2085,"template":"","meta":{"_acf_changed":false,"_seopress_robots_primary_cat":""},"product_brand":[],"product_cat":[53],"product_tag":[],"class_list":{"0":"post-2082","1":"product","2":"type-product","3":"status-publish","4":"has-post-thumbnail","6":"product_cat-soft-magnetic-alloys","8":"first","9":"instock","10":"shipping-taxable","11":"product-type-simple"},"acf":[],"_links":{"self":[{"href":"https:\/\/www.xunshi-alloy.com\/pt\/wp-json\/wp\/v2\/product\/2082","targetHints":{"allow":["GET"]}}],"collection":[{"href":"https:\/\/www.xunshi-alloy.com\/pt\/wp-json\/wp\/v2\/product"}],"about":[{"href":"https:\/\/www.xunshi-alloy.com\/pt\/wp-json\/wp\/v2\/types\/product"}],"wp:featuredmedia":[{"embeddable":true,"href":"https:\/\/www.xunshi-alloy.com\/pt\/wp-json\/wp\/v2\/media\/2085"}],"wp:attachment":[{"href":"https:\/\/www.xunshi-alloy.com\/pt\/wp-json\/wp\/v2\/media?parent=2082"}],"wp:term":[{"taxonomy":"product_brand","embeddable":true,"href":"https:\/\/www.xunshi-alloy.com\/pt\/wp-json\/wp\/v2\/product_brand?post=2082"},{"taxonomy":"product_cat","embeddable":true,"href":"https:\/\/www.xunshi-alloy.com\/pt\/wp-json\/wp\/v2\/product_cat?post=2082"},{"taxonomy":"product_tag","embeddable":true,"href":"https:\/\/www.xunshi-alloy.com\/pt\/wp-json\/wp\/v2\/product_tag?post=2082"}],"curies":[{"name":"wp","href":"https:\/\/api.w.org\/{rel}","templated":true}]}}