
{"id":2099,"date":"2025-10-16T17:45:21","date_gmt":"2025-10-16T09:45:21","guid":{"rendered":"https:\/\/www.xunshi-alloy.com\/?post_type=product&p=2099"},"modified":"2025-10-16T17:45:21","modified_gmt":"2025-10-16T09:45:21","slug":"inconel-x-750-nickel-alloy-precipitation-hardened-superalloy-up-to-800c-application","status":"publish","type":"product","link":"https:\/\/www.xunshi-alloy.com\/pt\/produto\/inconel-x-750-nickel-alloy-precipitation-hardened-superalloy-up-to-800c-application\/","title":{"rendered":"Liga de n\u00edquel Inconel X-750 Precipita\u00e7\u00e3o endurecida Superligas at\u00e9 800\u00b0C Aplica\u00e7\u00f5es"},"content":{"rendered":"","protected":false},"excerpt":{"rendered":"","protected":false},"featured_media":2101,"template":"","meta":{"_acf_changed":false,"_seopress_robots_primary_cat":""},"product_brand":[],"product_cat":[52],"product_tag":[],"class_list":{"0":"post-2099","1":"product","2":"type-product","3":"status-publish","4":"has-post-thumbnail","6":"product_cat-nickel-cobalt-alloy","8":"first","9":"instock","10":"shipping-taxable","11":"product-type-simple"},"acf":[],"_links":{"self":[{"href":"https:\/\/www.xunshi-alloy.com\/pt\/wp-json\/wp\/v2\/product\/2099","targetHints":{"allow":["GET"]}}],"collection":[{"href":"https:\/\/www.xunshi-alloy.com\/pt\/wp-json\/wp\/v2\/product"}],"about":[{"href":"https:\/\/www.xunshi-alloy.com\/pt\/wp-json\/wp\/v2\/types\/product"}],"wp:featuredmedia":[{"embeddable":true,"href":"https:\/\/www.xunshi-alloy.com\/pt\/wp-json\/wp\/v2\/media\/2101"}],"wp:attachment":[{"href":"https:\/\/www.xunshi-alloy.com\/pt\/wp-json\/wp\/v2\/media?parent=2099"}],"wp:term":[{"taxonomy":"product_brand","embeddable":true,"href":"https:\/\/www.xunshi-alloy.com\/pt\/wp-json\/wp\/v2\/product_brand?post=2099"},{"taxonomy":"product_cat","embeddable":true,"href":"https:\/\/www.xunshi-alloy.com\/pt\/wp-json\/wp\/v2\/product_cat?post=2099"},{"taxonomy":"product_tag","embeddable":true,"href":"https:\/\/www.xunshi-alloy.com\/pt\/wp-json\/wp\/v2\/product_tag?post=2099"}],"curies":[{"name":"wp","href":"https:\/\/api.w.org\/{rel}","templated":true}]}}