
{"id":2106,"date":"2025-10-16T17:47:21","date_gmt":"2025-10-16T09:47:21","guid":{"rendered":"https:\/\/www.xunshi-alloy.com\/?post_type=product&p=2106"},"modified":"2025-10-16T17:47:21","modified_gmt":"2025-10-16T09:47:21","slug":"alloy59-uns-n06059-w-nr-2-4605-nickel-alloy-with-excellent-corrosion-resistance-and-high-mechanical-strength","status":"publish","type":"product","link":"https:\/\/www.xunshi-alloy.com\/pt\/produto\/alloy59-uns-n06059-w-nr-2-4605-nickel-alloy-with-excellent-corrosion-resistance-and-high-mechanical-strength\/","title":{"rendered":"Liga 59 UNS N06059 W.-Nr. 2. 4605 Liga de n\u00edquel com excelente resist\u00eancia \u00e0 corros\u00e3o e alta resist\u00eancia mec\u00e2nica"},"content":{"rendered":"","protected":false},"excerpt":{"rendered":"","protected":false},"featured_media":2109,"template":"","meta":{"_acf_changed":false,"_seopress_robots_primary_cat":""},"product_brand":[],"product_cat":[52],"product_tag":[],"class_list":{"0":"post-2106","1":"product","2":"type-product","3":"status-publish","4":"has-post-thumbnail","6":"product_cat-nickel-cobalt-alloy","8":"first","9":"instock","10":"shipping-taxable","11":"product-type-simple"},"acf":[],"_links":{"self":[{"href":"https:\/\/www.xunshi-alloy.com\/pt\/wp-json\/wp\/v2\/product\/2106","targetHints":{"allow":["GET"]}}],"collection":[{"href":"https:\/\/www.xunshi-alloy.com\/pt\/wp-json\/wp\/v2\/product"}],"about":[{"href":"https:\/\/www.xunshi-alloy.com\/pt\/wp-json\/wp\/v2\/types\/product"}],"wp:featuredmedia":[{"embeddable":true,"href":"https:\/\/www.xunshi-alloy.com\/pt\/wp-json\/wp\/v2\/media\/2109"}],"wp:attachment":[{"href":"https:\/\/www.xunshi-alloy.com\/pt\/wp-json\/wp\/v2\/media?parent=2106"}],"wp:term":[{"taxonomy":"product_brand","embeddable":true,"href":"https:\/\/www.xunshi-alloy.com\/pt\/wp-json\/wp\/v2\/product_brand?post=2106"},{"taxonomy":"product_cat","embeddable":true,"href":"https:\/\/www.xunshi-alloy.com\/pt\/wp-json\/wp\/v2\/product_cat?post=2106"},{"taxonomy":"product_tag","embeddable":true,"href":"https:\/\/www.xunshi-alloy.com\/pt\/wp-json\/wp\/v2\/product_tag?post=2106"}],"curies":[{"name":"wp","href":"https:\/\/api.w.org\/{rel}","templated":true}]}}