
{"id":2173,"date":"2025-10-16T17:59:21","date_gmt":"2025-10-16T09:59:21","guid":{"rendered":"https:\/\/www.xunshi-alloy.com\/?post_type=product&p=2173"},"modified":"2025-10-16T17:59:21","modified_gmt":"2025-10-16T09:59:21","slug":"vacoflux27-soft-ferromagnetic-materials-cold-rolled-strip-soft-magnetic-iron","status":"publish","type":"product","link":"https:\/\/www.xunshi-alloy.com\/pt\/produto\/vacoflux27-soft-ferromagnetic-materials-cold-rolled-strip-soft-magnetic-iron\/","title":{"rendered":"Material ferromagn\u00e9tico macio Vacoflux27, \u00edm\u00e3 macio da tira laminada a frio"},"content":{"rendered":"","protected":false},"excerpt":{"rendered":"","protected":false},"featured_media":2174,"template":"","meta":{"_acf_changed":false,"_seopress_robots_primary_cat":""},"product_brand":[],"product_cat":[53],"product_tag":[],"class_list":{"0":"post-2173","1":"product","2":"type-product","3":"status-publish","4":"has-post-thumbnail","6":"product_cat-soft-magnetic-alloys","8":"first","9":"instock","10":"shipping-taxable","11":"product-type-simple"},"acf":[],"_links":{"self":[{"href":"https:\/\/www.xunshi-alloy.com\/pt\/wp-json\/wp\/v2\/product\/2173","targetHints":{"allow":["GET"]}}],"collection":[{"href":"https:\/\/www.xunshi-alloy.com\/pt\/wp-json\/wp\/v2\/product"}],"about":[{"href":"https:\/\/www.xunshi-alloy.com\/pt\/wp-json\/wp\/v2\/types\/product"}],"wp:featuredmedia":[{"embeddable":true,"href":"https:\/\/www.xunshi-alloy.com\/pt\/wp-json\/wp\/v2\/media\/2174"}],"wp:attachment":[{"href":"https:\/\/www.xunshi-alloy.com\/pt\/wp-json\/wp\/v2\/media?parent=2173"}],"wp:term":[{"taxonomy":"product_brand","embeddable":true,"href":"https:\/\/www.xunshi-alloy.com\/pt\/wp-json\/wp\/v2\/product_brand?post=2173"},{"taxonomy":"product_cat","embeddable":true,"href":"https:\/\/www.xunshi-alloy.com\/pt\/wp-json\/wp\/v2\/product_cat?post=2173"},{"taxonomy":"product_tag","embeddable":true,"href":"https:\/\/www.xunshi-alloy.com\/pt\/wp-json\/wp\/v2\/product_tag?post=2173"}],"curies":[{"name":"wp","href":"https:\/\/api.w.org\/{rel}","templated":true}]}}