
{"id":2228,"date":"2025-10-16T18:19:21","date_gmt":"2025-10-16T10:19:21","guid":{"rendered":"https:\/\/www.xunshi-alloy.com\/?post_type=product&p=2228"},"modified":"2025-10-16T18:19:21","modified_gmt":"2025-10-16T10:19:21","slug":"shielding-feni-soft-magnetic-iron-high-permeability-soft-magnetic-steel","status":"publish","type":"product","link":"https:\/\/www.xunshi-alloy.com\/pt\/produto\/shielding-feni-soft-magnetic-iron-high-permeability-soft-magnetic-steel\/","title":{"rendered":"\u00cdm\u00e3 macio FeNi blindado A\u00e7o magn\u00e9tico macio de alta permeabilidade"},"content":{"rendered":"","protected":false},"excerpt":{"rendered":"","protected":false},"featured_media":2231,"template":"","meta":{"_acf_changed":false,"_seopress_robots_primary_cat":""},"product_brand":[],"product_cat":[53],"product_tag":[],"class_list":{"0":"post-2228","1":"product","2":"type-product","3":"status-publish","4":"has-post-thumbnail","6":"product_cat-soft-magnetic-alloys","8":"first","9":"instock","10":"shipping-taxable","11":"product-type-simple"},"acf":[],"_links":{"self":[{"href":"https:\/\/www.xunshi-alloy.com\/pt\/wp-json\/wp\/v2\/product\/2228","targetHints":{"allow":["GET"]}}],"collection":[{"href":"https:\/\/www.xunshi-alloy.com\/pt\/wp-json\/wp\/v2\/product"}],"about":[{"href":"https:\/\/www.xunshi-alloy.com\/pt\/wp-json\/wp\/v2\/types\/product"}],"wp:featuredmedia":[{"embeddable":true,"href":"https:\/\/www.xunshi-alloy.com\/pt\/wp-json\/wp\/v2\/media\/2231"}],"wp:attachment":[{"href":"https:\/\/www.xunshi-alloy.com\/pt\/wp-json\/wp\/v2\/media?parent=2228"}],"wp:term":[{"taxonomy":"product_brand","embeddable":true,"href":"https:\/\/www.xunshi-alloy.com\/pt\/wp-json\/wp\/v2\/product_brand?post=2228"},{"taxonomy":"product_cat","embeddable":true,"href":"https:\/\/www.xunshi-alloy.com\/pt\/wp-json\/wp\/v2\/product_cat?post=2228"},{"taxonomy":"product_tag","embeddable":true,"href":"https:\/\/www.xunshi-alloy.com\/pt\/wp-json\/wp\/v2\/product_tag?post=2228"}],"curies":[{"name":"wp","href":"https:\/\/api.w.org\/{rel}","templated":true}]}}